{"id":204,"date":"2022-07-28T14:11:34","date_gmt":"2022-07-28T14:11:34","guid":{"rendered":"https:\/\/shop.robinbergamin.nl\/?post_type=product&#038;p=204"},"modified":"2026-04-03T06:14:37","modified_gmt":"2026-04-03T06:14:37","slug":"sensitive-serum","status":"publish","type":"product","link":"https:\/\/shop.robinbergamin.nl\/en\/product\/sensitive-serum\/","title":{"rendered":"Esse Sensitive Serum"},"content":{"rendered":"<p>Gevoelige huidtypes<\/p>\n<p>Dit serum op oliebasis bevat meer dan \u00e9\u00e9n miljard levende probiotica per ml en is perfect voor het versterken van de barri\u00e8refunctie en het herstellen van een disbalans op de huid.<\/p>\n<p>Eigenschappen<br \/>\nVersterkt de barri\u00e8refunctie.\u2028Verandert en verbetert het immuunsysteem.\u2028Zorgt ervoor dat de huid niet meer overreageerd.\u2028Product bevat geen water.\u2028Probiotica zijn ingekapseld en worden geactiveerd in contact met vocht dat aanwezig is op de huid en door de prebiotica die aanwezig zijn in Esse moisturisers.<\/p>\n<p>Gebruik<br \/>\nNa gebruik van de toner een kleine hoeveelheid aanbrengen in de avond. Gebruik daarna de Hydro of Nourish Moisturiser. De eerste week dagelijks gebruiken, daarna rustig afbouwen naar 1 a 2 keer per week. Niet meer gebruiken als de gevoeligheid is verdwenen of gebruik het als onderhoudsproduct.<\/p>","protected":false},"excerpt":{"rendered":"<p>Ingredi\u00ebnten<br \/>\nSimmondsia Chinensis (Jojoba) Seed Oil*, Caprylic\/Capric Triglyceride, Hydrogenated Vegetable Oil, Butyrospermum Parkii (Shea) Butter*, Isoamyl Laurate, Lactobacillus, Maltodextrin, Tocopherol, Helianthus Annuus (Sunflower) Seed Oil, Ascorbyl Palmitate, Vanillin, Gamma Decalactone<br \/>\n*ingredients from organic farming\u2028100% of the total ingredients are from natural origin\u202869% of the total ingredients are from organic farming<br \/>\n100% Natural<br \/>\n75% Organic<br \/>\n100% Vegan<br \/>\n100% Cruelty Free<br \/>\n86g Carbon Offset<\/p>\n","protected":false},"featured_media":88,"comment_status":"open","ping_status":"closed","template":"","meta":[],"product_brand":[],"product_cat":[22,16],"product_tag":[],"class_list":{"0":"post-204","1":"product","2":"type-product","3":"status-publish","4":"has-post-thumbnail","6":"product_cat-serum","7":"product_cat-esse","9":"first","10":"instock","11":"taxable","12":"shipping-taxable","13":"purchasable","14":"product-type-simple"},"_links":{"self":[{"href":"https:\/\/shop.robinbergamin.nl\/en\/wp-json\/wp\/v2\/product\/204","targetHints":{"allow":["GET"]}}],"collection":[{"href":"https:\/\/shop.robinbergamin.nl\/en\/wp-json\/wp\/v2\/product"}],"about":[{"href":"https:\/\/shop.robinbergamin.nl\/en\/wp-json\/wp\/v2\/types\/product"}],"replies":[{"embeddable":true,"href":"https:\/\/shop.robinbergamin.nl\/en\/wp-json\/wp\/v2\/comments?post=204"}],"wp:featuredmedia":[{"embeddable":true,"href":"https:\/\/shop.robinbergamin.nl\/en\/wp-json\/wp\/v2\/media\/88"}],"wp:attachment":[{"href":"https:\/\/shop.robinbergamin.nl\/en\/wp-json\/wp\/v2\/media?parent=204"}],"wp:term":[{"taxonomy":"product_brand","embeddable":true,"href":"https:\/\/shop.robinbergamin.nl\/en\/wp-json\/wp\/v2\/product_brand?post=204"},{"taxonomy":"product_cat","embeddable":true,"href":"https:\/\/shop.robinbergamin.nl\/en\/wp-json\/wp\/v2\/product_cat?post=204"},{"taxonomy":"product_tag","embeddable":true,"href":"https:\/\/shop.robinbergamin.nl\/en\/wp-json\/wp\/v2\/product_tag?post=204"}],"curies":[{"name":"wp","href":"https:\/\/api.w.org\/{rel}","templated":true}]}}